{"id":2,"date":"2010-04-19T09:16:21","date_gmt":"2010-04-19T09:16:21","guid":{"rendered":"http:\/\/magazin.no-neets.de\/?page_id=2"},"modified":"2010-04-20T19:51:28","modified_gmt":"2010-04-20T17:51:28","slug":"about","status":"publish","type":"page","link":"http:\/\/magazin.no-neets.de\/?page_id=2","title":{"rendered":"About"},"content":{"rendered":"<p>Willkommen bei unserem online Manga und Comic Magazin zum mitmachen!  Jeder kann hier mitmachen und Inhalte, Artikel und Vorschl\u00e4ge einf\u00fcgen   und so das Magazin mitgestalten.<\/p>\n<p>Die Idee ist eine Plattform aufzubauen wo jeder seine eigenen Comics  und  Texte pr\u00e4sentieren kann und jeder mitmachen kann. Anders als die   bisherigen Manga Webseiten soll es aber in Magazin Form sein, dass hei\u00dft   auch das es regelm\u00e4\u00dfig neue Inhalte gibt.<br \/>\n<img title=\"geburtstag0001small.jpg\" src=\"http:\/\/magazin.wikispaces.com\/file\/view\/geburtstag0001small.jpg\/112157111\/geburtstag0001small.jpg\" alt=\"geburtstag0001small.jpg\" align=\"right\" \/><br \/>\nSchaut euch auch auf unserer Manga Webseite <a rel=\"nofollow\" href=\"http:\/\/www.no-neets.de\/\">http:\/\/www.No-Neets.de<\/a> um\u2026<\/p>\n<p><em>Wenn ihr also Mangas, Doujinshi oder f\u00fcr Otakus geeignete\u00a0  Neuigkeiten, Artikel und Pressemitteilungen habt dann meldet euch.<\/em><\/p>\n","protected":false},"excerpt":{"rendered":"<p>Willkommen bei unserem online Manga und Comic Magazin zum mitmachen! Jeder kann hier mitmachen und Inhalte, Artikel und Vorschl\u00e4ge einf\u00fcgen und so das Magazin mitgestalten. Die Idee ist eine Plattform aufzubauen wo jeder seine eigenen Comics und Texte pr\u00e4sentieren kann und jeder mitmachen kann. Anders als die bisherigen Manga Webseiten soll es aber in Magazin <a href='http:\/\/magazin.no-neets.de\/?page_id=2' class='excerpt-more'>[&#8230;]<\/a><\/p>\n","protected":false},"author":174,"featured_media":0,"parent":0,"menu_order":0,"comment_status":"open","ping_status":"open","template":"","meta":{"ngg_post_thumbnail":0},"_links":{"self":[{"href":"http:\/\/magazin.no-neets.de\/index.php?rest_route=\/wp\/v2\/pages\/2"}],"collection":[{"href":"http:\/\/magazin.no-neets.de\/index.php?rest_route=\/wp\/v2\/pages"}],"about":[{"href":"http:\/\/magazin.no-neets.de\/index.php?rest_route=\/wp\/v2\/types\/page"}],"author":[{"embeddable":true,"href":"http:\/\/magazin.no-neets.de\/index.php?rest_route=\/wp\/v2\/users\/174"}],"replies":[{"embeddable":true,"href":"http:\/\/magazin.no-neets.de\/index.php?rest_route=%2Fwp%2Fv2%2Fcomments&post=2"}],"version-history":[{"count":2,"href":"http:\/\/magazin.no-neets.de\/index.php?rest_route=\/wp\/v2\/pages\/2\/revisions"}],"predecessor-version":[{"id":1762,"href":"http:\/\/magazin.no-neets.de\/index.php?rest_route=\/wp\/v2\/pages\/2\/revisions\/1762"}],"wp:attachment":[{"href":"http:\/\/magazin.no-neets.de\/index.php?rest_route=%2Fwp%2Fv2%2Fmedia&parent=2"}],"curies":[{"name":"wp","href":"https:\/\/api.w.org\/{rel}","templated":true}]}}